{"id":4512,"date":"2026-04-16T18:07:49","date_gmt":"2026-04-16T18:07:49","guid":{"rendered":"https:\/\/pooldeck.dk\/?post_type=product&#038;p=4512"},"modified":"2026-04-16T20:10:19","modified_gmt":"2026-04-16T20:10:19","slug":"spa-cover-customized-offer-assembly-kit","status":"publish","type":"product","link":"https:\/\/pooldeck.dk\/da\/vare\/spa-cover-customized-offer-assembly-kit\/","title":{"rendered":"SPA Cover \u2013 Kundetilpasset SPA Cover (Montages\u00e6t)\nKlik videre for at indhente tilbud"},"content":{"rendered":"<h4><a href=\"https:\/\/pooldeck.dk\/wp-content\/uploads\/2026\/04\/SPA-Covers-Size-information-ENGLISH.pdf\">SPA Covers &#8211; Size information &#8211; ENGLISH<\/a><\/h4>\n<h4><a href=\"https:\/\/pooldeck.dk\/wp-content\/uploads\/2026\/04\/SPA-Covers-Storrelse-info-DANSK.pdf\">SPA Covers &#8211; St\u00f8rrelse info &#8211; DANSK<\/a><\/h4>\n<h4><a href=\"https:\/\/pooldeck.dk\/wp-content\/uploads\/2026\/04\/SPA-Covers-Product-information-ENGLISH.pdf\">SPA Covers &#8211; Product information &#8211; ENGLISH<\/a><\/h4>\n<h4><a href=\"https:\/\/pooldeck.dk\/wp-content\/uploads\/2026\/04\/SPA-Covers-Produkt-information-DANSK.pdf\">SPA Covers &#8211; Produkt information &#8211; DANSK<\/a><\/h4>","protected":false},"excerpt":{"rendered":"<h3><strong>Kundetilpasset POOLDECK SPA Cover<\/strong><\/h3>\n<p>I tilf\u00e6lde af, at vores 'Standard' st\u00f8rrelser (Small - Medium - Large) ikke passer, s\u00e5 fortvivl ikke.<\/p>\n<p>Vi vil hj\u00e6lpe jer med at komme i m\u00e5l med jeres projekt.<\/p>\n<p>&nbsp;<\/p>\n<h5>Klik venligst p\u00e5 nedenst\u00e5ende link 'Indhent POOLDECK tilbud', og udfyld vores formular, s\u00e5 kontakter vi dig snarest.<\/h5>\n<p>&nbsp;<\/p>\n<p>https:\/\/pooldeck.dk\/da\/request-offer\/<\/p>\n<p>&nbsp;<\/p>\n<p>&nbsp;<\/p>","protected":false},"featured_media":4520,"template":"","meta":{"site-sidebar-layout":"default","site-content-layout":"","ast-site-content-layout":"default","site-content-style":"default","site-sidebar-style":"default","ast-global-header-display":"","ast-banner-title-visibility":"","ast-main-header-display":"","ast-hfb-above-header-display":"","ast-hfb-below-header-display":"","ast-hfb-mobile-header-display":"","site-post-title":"","ast-breadcrumbs-content":"","ast-featured-img":"","footer-sml-layout":"","theme-transparent-header-meta":"enabled","adv-header-id-meta":"","stick-header-meta":"","header-above-stick-meta":"","header-main-stick-meta":"","header-below-stick-meta":"","astra-migrate-meta-layouts":"set","ast-page-background-enabled":"default","ast-page-background-meta":{"desktop":{"background-color":"var(--ast-global-color-4)","background-image":"","background-repeat":"repeat","background-position":"center center","background-size":"auto","background-attachment":"scroll","background-type":"","background-media":"","overlay-type":"","overlay-color":"","overlay-opacity":"","overlay-gradient":""},"tablet":{"background-color":"","background-image":"","background-repeat":"repeat","background-position":"center center","background-size":"auto","background-attachment":"scroll","background-type":"","background-media":"","overlay-type":"","overlay-color":"","overlay-opacity":"","overlay-gradient":""},"mobile":{"background-color":"","background-image":"","background-repeat":"repeat","background-position":"center center","background-size":"auto","background-attachment":"scroll","background-type":"","background-media":"","overlay-type":"","overlay-color":"","overlay-opacity":"","overlay-gradient":""}},"ast-content-background-meta":{"desktop":{"background-color":"var(--ast-global-color-5)","background-image":"","background-repeat":"repeat","background-position":"center center","background-size":"auto","background-attachment":"scroll","background-type":"","background-media":"","overlay-type":"","overlay-color":"","overlay-opacity":"","overlay-gradient":""},"tablet":{"background-color":"var(--ast-global-color-5)","background-image":"","background-repeat":"repeat","background-position":"center center","background-size":"auto","background-attachment":"scroll","background-type":"","background-media":"","overlay-type":"","overlay-color":"","overlay-opacity":"","overlay-gradient":""},"mobile":{"background-color":"var(--ast-global-color-5)","background-image":"","background-repeat":"repeat","background-position":"center center","background-size":"auto","background-attachment":"scroll","background-type":"","background-media":"","overlay-type":"","overlay-color":"","overlay-opacity":"","overlay-gradient":""}}},"product_brand":[],"product_cat":[24],"product_tag":[26,25,28,27],"class_list":{"0":"post-4512","1":"product","2":"type-product","3":"status-publish","4":"has-post-thumbnail","6":"product_cat-spa-cover","7":"product_tag-poolcover","8":"product_tag-pooldeck","9":"product_tag-sliding-deck-pool-spa","10":"product_tag-spa-cover","11":"product_shipping_class-spa-medium-large","12":"desktop-align-center","13":"tablet-align-left","14":"mobile-align-left","16":"first","17":"instock","18":"sold-individually","19":"taxable","20":"shipping-taxable","21":"product-type-simple"},"_links":{"self":[{"href":"https:\/\/pooldeck.dk\/da\/wp-json\/wp\/v2\/product\/4512","targetHints":{"allow":["GET"]}}],"collection":[{"href":"https:\/\/pooldeck.dk\/da\/wp-json\/wp\/v2\/product"}],"about":[{"href":"https:\/\/pooldeck.dk\/da\/wp-json\/wp\/v2\/types\/product"}],"wp:featuredmedia":[{"embeddable":true,"href":"https:\/\/pooldeck.dk\/da\/wp-json\/wp\/v2\/media\/4520"}],"wp:attachment":[{"href":"https:\/\/pooldeck.dk\/da\/wp-json\/wp\/v2\/media?parent=4512"}],"wp:term":[{"taxonomy":"product_brand","embeddable":true,"href":"https:\/\/pooldeck.dk\/da\/wp-json\/wp\/v2\/product_brand?post=4512"},{"taxonomy":"product_cat","embeddable":true,"href":"https:\/\/pooldeck.dk\/da\/wp-json\/wp\/v2\/product_cat?post=4512"},{"taxonomy":"product_tag","embeddable":true,"href":"https:\/\/pooldeck.dk\/da\/wp-json\/wp\/v2\/product_tag?post=4512"}],"curies":[{"name":"wp","href":"https:\/\/api.w.org\/{rel}","templated":true}]}}