{"id":4676,"date":"2026-04-18T18:15:13","date_gmt":"2026-04-18T18:15:13","guid":{"rendered":"https:\/\/pooldeck.dk\/?post_type=product&#038;p=4676"},"modified":"2026-04-18T18:50:27","modified_gmt":"2026-04-18T18:50:27","slug":"swimspa-cover-customized-offer-assembly-kit-copy","status":"publish","type":"product","link":"https:\/\/pooldeck.dk\/da\/vare\/swimspa-cover-customized-offer-assembly-kit-copy\/","title":{"rendered":"SWIMSPA Cover - Kundetilpasset tilbud (Montages\u00e6t)"},"content":{"rendered":"","protected":false},"excerpt":{"rendered":"<h2><strong>Customized POOLDECK SWIMSPA Cover:<\/strong><\/h2>\n<p>I tilf\u00e6lde af, at vores 'Standard' st\u00f8rrelser (SWIMSPA-1, SWIMSPA-2, SWIMSPA-3) ikke passer, s\u00e5 fortvivl ikke.<\/p>\n<p>Vi vil hj\u00e6lpe jer med at komme i m\u00e5l med jeres projekt.<\/p>\n<p>&nbsp;<\/p>\n<h5>Klik venligst p\u00e5 nedenst\u00e5ende link 'Indhent POOLDECK tilbud', og udfyld vores formular, s\u00e5 kontakter vi dig snarest.<\/h5>\n<p>&nbsp;<\/p>\n<p>https:\/\/pooldeck.dk\/da\/request-offer\/<\/p>\n<p>&nbsp;<\/p>\n<p>&nbsp;<\/p>","protected":false},"featured_media":4678,"template":"","meta":{"site-sidebar-layout":"default","site-content-layout":"","ast-site-content-layout":"default","site-content-style":"default","site-sidebar-style":"default","ast-global-header-display":"","ast-banner-title-visibility":"","ast-main-header-display":"","ast-hfb-above-header-display":"","ast-hfb-below-header-display":"","ast-hfb-mobile-header-display":"","site-post-title":"","ast-breadcrumbs-content":"","ast-featured-img":"","footer-sml-layout":"","theme-transparent-header-meta":"enabled","adv-header-id-meta":"","stick-header-meta":"","header-above-stick-meta":"","header-main-stick-meta":"","header-below-stick-meta":"","astra-migrate-meta-layouts":"set","ast-page-background-enabled":"default","ast-page-background-meta":{"desktop":{"background-color":"var(--ast-global-color-4)","background-image":"","background-repeat":"repeat","background-position":"center center","background-size":"auto","background-attachment":"scroll","background-type":"","background-media":"","overlay-type":"","overlay-color":"","overlay-opacity":"","overlay-gradient":""},"tablet":{"background-color":"","background-image":"","background-repeat":"repeat","background-position":"center center","background-size":"auto","background-attachment":"scroll","background-type":"","background-media":"","overlay-type":"","overlay-color":"","overlay-opacity":"","overlay-gradient":""},"mobile":{"background-color":"","background-image":"","background-repeat":"repeat","background-position":"center center","background-size":"auto","background-attachment":"scroll","background-type":"","background-media":"","overlay-type":"","overlay-color":"","overlay-opacity":"","overlay-gradient":""}},"ast-content-background-meta":{"desktop":{"background-color":"var(--ast-global-color-5)","background-image":"","background-repeat":"repeat","background-position":"center center","background-size":"auto","background-attachment":"scroll","background-type":"","background-media":"","overlay-type":"","overlay-color":"","overlay-opacity":"","overlay-gradient":""},"tablet":{"background-color":"var(--ast-global-color-5)","background-image":"","background-repeat":"repeat","background-position":"center center","background-size":"auto","background-attachment":"scroll","background-type":"","background-media":"","overlay-type":"","overlay-color":"","overlay-opacity":"","overlay-gradient":""},"mobile":{"background-color":"var(--ast-global-color-5)","background-image":"","background-repeat":"repeat","background-position":"center center","background-size":"auto","background-attachment":"scroll","background-type":"","background-media":"","overlay-type":"","overlay-color":"","overlay-opacity":"","overlay-gradient":""}}},"product_brand":[],"product_cat":[31],"product_tag":[26,25,28,27,33],"class_list":{"0":"post-4676","1":"product","2":"type-product","3":"status-publish","4":"has-post-thumbnail","6":"product_cat-swimpsa-cover","7":"product_tag-poolcover","8":"product_tag-pooldeck","9":"product_tag-sliding-deck-pool-spa","10":"product_tag-spa-cover","11":"product_tag-swimspa","12":"product_shipping_class-spa-medium-large","13":"desktop-align-center","14":"tablet-align-left","15":"mobile-align-left","17":"first","18":"instock","19":"sold-individually","20":"taxable","21":"shipping-taxable","22":"product-type-simple"},"_links":{"self":[{"href":"https:\/\/pooldeck.dk\/da\/wp-json\/wp\/v2\/product\/4676","targetHints":{"allow":["GET"]}}],"collection":[{"href":"https:\/\/pooldeck.dk\/da\/wp-json\/wp\/v2\/product"}],"about":[{"href":"https:\/\/pooldeck.dk\/da\/wp-json\/wp\/v2\/types\/product"}],"wp:featuredmedia":[{"embeddable":true,"href":"https:\/\/pooldeck.dk\/da\/wp-json\/wp\/v2\/media\/4678"}],"wp:attachment":[{"href":"https:\/\/pooldeck.dk\/da\/wp-json\/wp\/v2\/media?parent=4676"}],"wp:term":[{"taxonomy":"product_brand","embeddable":true,"href":"https:\/\/pooldeck.dk\/da\/wp-json\/wp\/v2\/product_brand?post=4676"},{"taxonomy":"product_cat","embeddable":true,"href":"https:\/\/pooldeck.dk\/da\/wp-json\/wp\/v2\/product_cat?post=4676"},{"taxonomy":"product_tag","embeddable":true,"href":"https:\/\/pooldeck.dk\/da\/wp-json\/wp\/v2\/product_tag?post=4676"}],"curies":[{"name":"wp","href":"https:\/\/api.w.org\/{rel}","templated":true}]}}